{"id":1231,"date":"2020-10-06T11:23:18","date_gmt":"2020-10-06T11:23:18","guid":{"rendered":"http:\/\/bisabankovic.com\/?page_id=1231"},"modified":"2024-08-31T09:37:02","modified_gmt":"2024-08-31T09:37:02","slug":"home","status":"publish","type":"page","link":"https:\/\/bisabankovic.com\/en\/","title":{"rendered":"Home"},"content":{"rendered":"<p>[vc_row][vc_column][vc_column_text]<\/p>\n<h1>Dental clinic Dr Bisa Bankovi\u0107<\/h1>\n<h4>Trgova\u010dka 16a, T.C. Mondo 11000 Belgrade<\/h4>\n<p>[\/vc_column_text][vc_row_inner][vc_column_inner width=&#8221;2\/3&#8243;][vc_column_text]<\/p>\n<p style=\"text-align: justify;\">The surgery was founded in 1991. All this time we are working, improving and existing because of you!<\/p>\n<p style=\"text-align: justify;\"><span class=\"dt-highlight\" ><\/span>\u00a0 The founder of the practice is Dr. Biserka \u0160aranovi\u0107-Bankovi\u0107, Dental prosthodontist specialist since 1995. In addition to Dr. Biserka, our team of dentists takes care of the health of your teeth and the beauty of your smile: Dr. Zeljko Bankovic (Oral surgery specialist), Dr Tijana \u2013 Tina Bankovi\u0107 (Prosthodontist resident), as well as dental assistant Jasmina Gr\u010di\u0107.<\/p>\n<p style=\"text-align: justify;\"><span class=\"dt-highlight\" ><\/span>\u00a0 Our working hours are every working day from 9 am to 8 pm and on Saturdays from 9 am to 2 pm. We are located in \u017darkovo, in the shopping center Mondo, Trgova\u010dka 16A. The center has a secured parking space. Among other things, you can pay for services with Visa, Visa electron, Dina, Maestro and Mastercard payment cards. You can also reach us by bus lines: 37, 50, 51, 52, 56, 89, E5!<\/p>\n<p>[\/vc_column_text][\/vc_column_inner][vc_column_inner width=&#8221;1\/3&#8243;]<div id=\"ult-carousel-195870370769e0401314b5b\" class=\"ult-carousel-wrapper   ult_horizontal\" data-gutter=\"15\" data-rtl=\"false\" ><div class=\"ult-carousel-6924796269e0401314a88 \" >[vc_column_text]<a class=\"dt-single-image\" href=\"http:\/\/bisabankovic.com\/wp-content\/uploads\/2019\/12\/stomatoloska-ordinacija-setifikat.jpg\" data-dt-img-description=\"\"><img loading=\"lazy\" decoding=\"async\" class=\"aligncenter size-full wp-image-1062\" src=\"http:\/\/bisabankovic.com\/wp-content\/uploads\/2019\/12\/stomatoloska-ordinacija-setifikat.jpg\" alt=\"\" width=\"900\" height=\"613\" srcset=\"https:\/\/bisabankovic.com\/wp-content\/uploads\/2019\/12\/stomatoloska-ordinacija-setifikat.jpg 900w, https:\/\/bisabankovic.com\/wp-content\/uploads\/2019\/12\/stomatoloska-ordinacija-setifikat-300x204.jpg 300w, https:\/\/bisabankovic.com\/wp-content\/uploads\/2019\/12\/stomatoloska-ordinacija-setifikat-768x523.jpg 768w\" sizes=\"auto, (max-width: 900px) 100vw, 900px\" \/><\/a>[\/vc_column_text][vc_column_text]<a class=\"dt-single-image\" href=\"http:\/\/bisabankovic.com\/wp-content\/uploads\/2019\/12\/bisa-bankovic-sertifikat.jpg\" data-dt-img-description=\"\"><img loading=\"lazy\" decoding=\"async\" class=\"aligncenter size-full wp-image-1061\" src=\"http:\/\/bisabankovic.com\/wp-content\/uploads\/2019\/12\/bisa-bankovic-sertifikat.jpg\" alt=\"\" width=\"900\" height=\"613\" srcset=\"https:\/\/bisabankovic.com\/wp-content\/uploads\/2019\/12\/bisa-bankovic-sertifikat.jpg 900w, https:\/\/bisabankovic.com\/wp-content\/uploads\/2019\/12\/bisa-bankovic-sertifikat-300x204.jpg 300w, https:\/\/bisabankovic.com\/wp-content\/uploads\/2019\/12\/bisa-bankovic-sertifikat-768x523.jpg 768w\" sizes=\"auto, (max-width: 900px) 100vw, 900px\" \/><\/a>[\/vc_column_text]<\/div><\/div>            <script type=\"text\/javascript\">\r\n\t\t\t\tjQuery(document).ready(function($){\r\n               \t\t$('.ult-carousel-6924796269e0401314a88').slick({dots: true,autoplay: true,autoplaySpeed: 5000,speed: 300,infinite: true,arrows: false,slidesToScroll:1,slidesToShow:1,swipe: true,draggable: true,touchMove: true,responsive: [\r\n\t\t\t\t\t\t\t{\r\n\t\t\t\t\t\t\t  breakpoint: 1025,\r\n\t\t\t\t\t\t\t  settings: {\r\n\t\t\t\t\t\t\t\tslidesToShow: 1,\r\n\t\t\t\t\t\t\t\tslidesToScroll: 1,  \r\n\t\t\t\t\t\t\t  }\r\n\t\t\t\t\t\t\t},\r\n\t\t\t\t\t\t\t{\r\n\t\t\t\t\t\t\t  breakpoint: 769,\r\n\t\t\t\t\t\t\t  settings: {\r\n\t\t\t\t\t\t\t\tslidesToShow: 1,\r\n\t\t\t\t\t\t\t\tslidesToScroll: 1\r\n\t\t\t\t\t\t\t  }\r\n\t\t\t\t\t\t\t},\r\n\t\t\t\t\t\t\t{\r\n\t\t\t\t\t\t\t  breakpoint: 481,\r\n\t\t\t\t\t\t\t  settings: {\r\n\t\t\t\t\t\t\t\tslidesToShow: 1,\r\n\t\t\t\t\t\t\t\tslidesToScroll: 1\r\n\t\t\t\t\t\t\t  }\r\n\t\t\t\t\t\t\t}\r\n\t\t\t\t\t\t],pauseOnHover: true,\r\n\t\t\t\t\t\tpauseOnDotsHover: true,customPaging: function(slider, i) {\r\n                   return '<i type=\"button\" style=\"color:#333333;\" class=\"ultsl-record\" data-role=\"none\"><\/i>';\r\n                },});\r\n\t\t\t\t});\r\n\t\t\t<\/script>\r\n            [\/vc_column_inner][\/vc_row_inner][\/vc_column][\/vc_row][vc_row margin_top=&#8221;0&#8243; margin_bottom=&#8221;0&#8243;][vc_column][vc_single_image image=&#8221;1100&#8243; img_size=&#8221;1280*500&#8243; style=&#8221;vc_box_border&#8221; onclick=&#8221;custom_link&#8221; link=&#8221;http:\/\/bisabankovic.com\/en\/terms-of-purchase\/&#8221;][vc_empty_space][vc_column_text]<\/p>\n<h2>Dental services<\/h2>\n<p>We cover all branches of dentistry! Everything we would say about the equipment, materials, and quality of our work would seem to boast. So come and see for yourself![\/vc_column_text][vc_empty_space][\/vc_column][\/vc_row][vc_row][vc_column width=&#8221;1\/3&#8243;][vc_column_text]<img loading=\"lazy\" decoding=\"async\" class=\"wp-image-771 size-medium aligncenter\" src=\"http:\/\/bisabankovic.com\/wp-content\/uploads\/2019\/09\/Konzervativno-zbrinjavanje-zuba-i-endodoncija-300x200.jpg\" alt=\"Konzervativno-zbrinjavanje-zuba-i-endodoncija\" width=\"300\" height=\"200\" \/><\/p>\n<h3 style=\"text-align: center;\">Conservative dental care<br \/>\nand endodontics<\/h3>\n<p>[\/vc_column_text][\/vc_column][vc_column width=&#8221;1\/3&#8243;][vc_column_text]<img loading=\"lazy\" decoding=\"async\" class=\"wp-image-772 size-medium aligncenter\" src=\"http:\/\/bisabankovic.com\/wp-content\/uploads\/2019\/09\/Protetsko-zbrinjavanje-rehabilitacija-300x200.jpg\" alt=\"\" width=\"300\" height=\"200\" \/><\/p>\n<h3 style=\"text-align: center;\">Prosthetic care-rehabilitation<\/h3>\n<p>[\/vc_column_text][\/vc_column][vc_column width=&#8221;1\/3&#8243;][vc_column_text]<img loading=\"lazy\" decoding=\"async\" class=\"wp-image-778 size-medium aligncenter\" src=\"http:\/\/bisabankovic.com\/wp-content\/uploads\/2019\/09\/Le\u010denje-i-zaustavljanje-parodontopatije-300x200.jpg\" alt=\"\" width=\"300\" height=\"200\" \/><\/p>\n<h3 style=\"text-align: center;\">Treatment and stopping of periodontitis<\/h3>\n<p>[\/vc_column_text][\/vc_column][\/vc_row][vc_row margin_top=&#8221;0&#8243; margin_bottom=&#8221;0&#8243;][vc_column width=&#8221;1\/3&#8243;][vc_column_text]<img loading=\"lazy\" decoding=\"async\" class=\"wp-image-774 size-medium aligncenter\" src=\"http:\/\/bisabankovic.com\/wp-content\/uploads\/2019\/09\/Prevencija-300x200.jpg\" alt=\"\" width=\"300\" height=\"200\" \/><\/p>\n<h3 style=\"text-align: center;\">Prevention<\/h3>\n<p>[\/vc_column_text][\/vc_column][vc_column width=&#8221;1\/3&#8243;][vc_column_text]<img loading=\"lazy\" decoding=\"async\" class=\"wp-image-775 size-medium aligncenter\" src=\"http:\/\/bisabankovic.com\/wp-content\/uploads\/2019\/09\/Hirurgija-i-Implantologija-300x200.jpg\" alt=\"\" width=\"300\" height=\"200\" \/><\/p>\n<h3 style=\"text-align: center;\">Surgery and Implantology<\/h3>\n<p>[\/vc_column_text][\/vc_column][vc_column width=&#8221;1\/3&#8243;][vc_column_text]<img loading=\"lazy\" decoding=\"async\" class=\"wp-image-776 size-medium aligncenter\" src=\"http:\/\/bisabankovic.com\/wp-content\/uploads\/2019\/09\/Ortodoncija-\u2013-Ortopedija-vilica-300x200.jpg\" alt=\"\" width=\"300\" height=\"200\" \/><\/p>\n<h3 style=\"text-align: center;\">Orthodontics &#8211; Jaw Orthopedics<\/h3>\n<p>[\/vc_column_text][\/vc_column][\/vc_row][vc_row][vc_column][\/vc_column][\/vc_row]<\/p>\n","protected":false},"excerpt":{"rendered":"<p>[vc_row][vc_column][vc_column_text] Dental clinic Dr Bisa Bankovi\u0107 Trgova\u010dka 16a, T.C. Mondo 11000 Belgrade [\/vc_column_text][vc_row_inner][vc_column_inner width=&#8221;2\/3&#8243;][vc_column_text] The surgery was founded in 1991. All this time we are working, improving and existing because of you! \u00a0 The founder of the practice is Dr. Biserka \u0160aranovi\u0107-Bankovi\u0107, Dental prosthodontist specialist since 1995. In addition to Dr. Biserka, our team of&hellip;<\/p>\n","protected":false},"author":1,"featured_media":0,"parent":0,"menu_order":0,"comment_status":"closed","ping_status":"closed","template":"","meta":{"footnotes":""},"class_list":["post-1231","page","type-page","status-publish","hentry","description-off"],"_links":{"self":[{"href":"https:\/\/bisabankovic.com\/en\/wp-json\/wp\/v2\/pages\/1231","targetHints":{"allow":["GET"]}}],"collection":[{"href":"https:\/\/bisabankovic.com\/en\/wp-json\/wp\/v2\/pages"}],"about":[{"href":"https:\/\/bisabankovic.com\/en\/wp-json\/wp\/v2\/types\/page"}],"author":[{"embeddable":true,"href":"https:\/\/bisabankovic.com\/en\/wp-json\/wp\/v2\/users\/1"}],"replies":[{"embeddable":true,"href":"https:\/\/bisabankovic.com\/en\/wp-json\/wp\/v2\/comments?post=1231"}],"version-history":[{"count":6,"href":"https:\/\/bisabankovic.com\/en\/wp-json\/wp\/v2\/pages\/1231\/revisions"}],"predecessor-version":[{"id":1803,"href":"https:\/\/bisabankovic.com\/en\/wp-json\/wp\/v2\/pages\/1231\/revisions\/1803"}],"wp:attachment":[{"href":"https:\/\/bisabankovic.com\/en\/wp-json\/wp\/v2\/media?parent=1231"}],"curies":[{"name":"wp","href":"https:\/\/api.w.org\/{rel}","templated":true}]}}