{"id":1227,"date":"2020-10-06T11:16:48","date_gmt":"2020-10-06T11:16:48","guid":{"rendered":"http:\/\/bisabankovic.com\/?page_id=1227"},"modified":"2024-08-31T09:41:22","modified_gmt":"2024-08-31T09:41:22","slug":"about-us","status":"publish","type":"page","link":"https:\/\/bisabankovic.com\/en\/about-us\/","title":{"rendered":"About us"},"content":{"rendered":"<p>[vc_row][vc_column width=&#8221;1\/3&#8243;][vc_column_text]<a class=\"dt-single-image\" href=\"http:\/\/bisabankovic.com\/wp-content\/uploads\/2021\/07\/stomatolog-bisa-bankovic.jpg\" data-dt-img-description=\"\"><img loading=\"lazy\" decoding=\"async\" class=\"wp-image-1462 size-full alignnone\" src=\"http:\/\/bisabankovic.com\/wp-content\/uploads\/2021\/07\/stomatolog-bisa-bankovic.jpg\" alt=\"\" width=\"600\" height=\"900\" srcset=\"https:\/\/bisabankovic.com\/wp-content\/uploads\/2021\/07\/stomatolog-bisa-bankovic.jpg 600w, https:\/\/bisabankovic.com\/wp-content\/uploads\/2021\/07\/stomatolog-bisa-bankovic-200x300.jpg 200w\" sizes=\"auto, (max-width: 600px) 100vw, 600px\" \/><\/a>[\/vc_column_text][\/vc_column][vc_column width=&#8221;1\/2&#8243;][vc_column_text]<\/p>\n<h2 style=\"text-align: left;\">Dr Biserka \u0160aranovi\u0107-Bankovi\u0107<\/h2>\n<h4 style=\"text-align: left;\">Dental prosthodontist specialist<\/h4>\n<hr \/>\n<div class=\"gap\" style=\"line-height: 10px; height: 10px;\"><\/div>\n<ul>\n<li>Founder of the practice<\/li>\n<li style=\"text-align: left;\">Specialist in dental prosthetics since 1995.<\/li>\n<li style=\"text-align: left;\">Dentist with many years of work experience<\/li>\n<li style=\"text-align: left;\">She completed her health specialization at the Faculty of Dentistry, University of Belgrade<\/li>\n<\/ul>\n<p>[\/vc_column_text][vc_row_inner][vc_column_inner width=&#8221;1\/2&#8243;][vc_column_text]<a class=\"dt-single-image\" href=\"http:\/\/bisabankovic.com\/wp-content\/uploads\/2019\/12\/stomatoloska-ordinacija-setifikat.jpg\" data-dt-img-description=\"\"><img loading=\"lazy\" decoding=\"async\" class=\"aligncenter size-full wp-image-1062\" src=\"http:\/\/bisabankovic.com\/wp-content\/uploads\/2019\/12\/stomatoloska-ordinacija-setifikat.jpg\" alt=\"\" width=\"900\" height=\"613\" srcset=\"https:\/\/bisabankovic.com\/wp-content\/uploads\/2019\/12\/stomatoloska-ordinacija-setifikat.jpg 900w, https:\/\/bisabankovic.com\/wp-content\/uploads\/2019\/12\/stomatoloska-ordinacija-setifikat-300x204.jpg 300w, https:\/\/bisabankovic.com\/wp-content\/uploads\/2019\/12\/stomatoloska-ordinacija-setifikat-768x523.jpg 768w\" sizes=\"auto, (max-width: 900px) 100vw, 900px\" \/><\/a>[\/vc_column_text][\/vc_column_inner][vc_column_inner width=&#8221;1\/2&#8243;][vc_column_text]<a class=\"dt-single-image\" href=\"http:\/\/bisabankovic.com\/wp-content\/uploads\/2019\/12\/bisa-bankovic-sertifikat.jpg\" data-dt-img-description=\"\"><img loading=\"lazy\" decoding=\"async\" class=\"aligncenter size-full wp-image-1061\" src=\"http:\/\/bisabankovic.com\/wp-content\/uploads\/2019\/12\/bisa-bankovic-sertifikat.jpg\" alt=\"\" width=\"900\" height=\"613\" srcset=\"https:\/\/bisabankovic.com\/wp-content\/uploads\/2019\/12\/bisa-bankovic-sertifikat.jpg 900w, https:\/\/bisabankovic.com\/wp-content\/uploads\/2019\/12\/bisa-bankovic-sertifikat-300x204.jpg 300w, https:\/\/bisabankovic.com\/wp-content\/uploads\/2019\/12\/bisa-bankovic-sertifikat-768x523.jpg 768w\" sizes=\"auto, (max-width: 900px) 100vw, 900px\" \/><\/a>[\/vc_column_text][\/vc_column_inner][\/vc_row_inner][\/vc_column][vc_column width=&#8221;1\/4&#8243;][\/vc_column][\/vc_row][vc_row][vc_column]<div class=\"gap\" style=\"line-height: 20px; height: 20px;\"><\/div>[\/vc_column][\/vc_row][vc_row margin_top=&#8221;0&#8243; margin_bottom=&#8221;0&#8243;][vc_column width=&#8221;1\/3&#8243;][vc_column_text]<a href=\"http:\/\/bisabankovic.com\/wp-content\/uploads\/2023\/01\/Dr-Zeljko-Bankovic.jpg\"><img loading=\"lazy\" decoding=\"async\" class=\"aligncenter wp-image-1678 size-full\" src=\"http:\/\/bisabankovic.com\/wp-content\/uploads\/2023\/01\/Dr-Zeljko-Bankovic.jpg\" alt=\"\" width=\"900\" height=\"863\" srcset=\"https:\/\/bisabankovic.com\/wp-content\/uploads\/2023\/01\/Dr-Zeljko-Bankovic.jpg 900w, https:\/\/bisabankovic.com\/wp-content\/uploads\/2023\/01\/Dr-Zeljko-Bankovic-300x288.jpg 300w, https:\/\/bisabankovic.com\/wp-content\/uploads\/2023\/01\/Dr-Zeljko-Bankovic-768x736.jpg 768w\" sizes=\"auto, (max-width: 900px) 100vw, 900px\" \/><\/a><\/p>\n<h3 style=\"text-align: left;\">Dr \u017deljko Bankovi\u0107<\/h3>\n<h4>Oral surgery specialist<\/h4>\n<hr \/>\n<p>&nbsp;<\/p>\n<ul>\n<li style=\"text-align: left;\">He graduated from the Faculty of Dentistry in Belgrade,<\/li>\n<li style=\"text-align: left;\">He specialized at the Clinic for Oral Surgery, Faculty of Dentistry in Belgrade<\/li>\n<\/ul>\n<p>[\/vc_column_text][\/vc_column][vc_column width=&#8221;1\/3&#8243;][vc_column_text]<a href=\"http:\/\/bisabankovic.com\/wp-content\/uploads\/2023\/01\/Dr-Tina-Radojicic.jpg\"><img loading=\"lazy\" decoding=\"async\" class=\"aligncenter wp-image-1675 size-full\" src=\"http:\/\/bisabankovic.com\/wp-content\/uploads\/2023\/01\/Dr-Tina-Radojicic.jpg\" alt=\"\" width=\"900\" height=\"863\" srcset=\"https:\/\/bisabankovic.com\/wp-content\/uploads\/2023\/01\/Dr-Tina-Radojicic.jpg 900w, https:\/\/bisabankovic.com\/wp-content\/uploads\/2023\/01\/Dr-Tina-Radojicic-300x288.jpg 300w, https:\/\/bisabankovic.com\/wp-content\/uploads\/2023\/01\/Dr-Tina-Radojicic-768x736.jpg 768w\" sizes=\"auto, (max-width: 900px) 100vw, 900px\" \/><\/a><\/p>\n<h3>Dr Tijana &#8211; Tina Bankovi\u0107<\/h3>\n<h4>Prosthodontist resident<\/h4>\n<hr \/>\n<p>&nbsp;<\/p>\n<ul>\n<li>She graduated from the Faculty of Dentistry, University of Belgrade<\/li>\n<\/ul>\n<p>[\/vc_column_text][\/vc_column][vc_column width=&#8221;1\/3&#8243;][vc_column_text]<a href=\"http:\/\/bisabankovic.com\/wp-content\/uploads\/2023\/01\/Jasmina-Grcic.jpg\"><img loading=\"lazy\" decoding=\"async\" class=\"aligncenter wp-image-1682 size-full\" src=\"http:\/\/bisabankovic.com\/wp-content\/uploads\/2023\/01\/Jasmina-Grcic.jpg\" alt=\"\" width=\"900\" height=\"863\" srcset=\"https:\/\/bisabankovic.com\/wp-content\/uploads\/2023\/01\/Jasmina-Grcic.jpg 900w, https:\/\/bisabankovic.com\/wp-content\/uploads\/2023\/01\/Jasmina-Grcic-300x288.jpg 300w, https:\/\/bisabankovic.com\/wp-content\/uploads\/2023\/01\/Jasmina-Grcic-768x736.jpg 768w\" sizes=\"auto, (max-width: 900px) 100vw, 900px\" \/><\/a><\/p>\n<h3>Jasmina Gr\u010di\u0107<\/h3>\n<h4>Assistant<\/h4>\n<hr \/>\n<p>&nbsp;<\/p>\n<ul>\n<li>She graduated from the High School of Dental Technology in Belgrade, majoring in dental technician and dental assistant.<\/li>\n<\/ul>\n<p>[\/vc_column_text][\/vc_column][\/vc_row][vc_row][vc_column][vc_empty_space][\/vc_column][\/vc_row]<\/p>\n","protected":false},"excerpt":{"rendered":"<p>[vc_row][vc_column width=&#8221;1\/3&#8243;][vc_column_text][\/vc_column_text][\/vc_column][vc_column width=&#8221;1\/2&#8243;][vc_column_text] Dr Biserka \u0160aranovi\u0107-Bankovi\u0107 Dental prosthodontist specialist Founder of the practice Specialist in dental prosthetics since 1995. Dentist with many years of work experience She completed her health specialization at the Faculty of Dentistry, University of Belgrade [\/vc_column_text][vc_row_inner][vc_column_inner width=&#8221;1\/2&#8243;][vc_column_text][\/vc_column_text][\/vc_column_inner][vc_column_inner width=&#8221;1\/2&#8243;][vc_column_text][\/vc_column_text][\/vc_column_inner][\/vc_row_inner][\/vc_column][vc_column width=&#8221;1\/4&#8243;][\/vc_column][\/vc_row][vc_row][vc_column][\/vc_column][\/vc_row][vc_row margin_top=&#8221;0&#8243; margin_bottom=&#8221;0&#8243;][vc_column width=&#8221;1\/3&#8243;][vc_column_text] Dr \u017deljko Bankovi\u0107 Oral surgery specialist &nbsp; He graduated&hellip;<\/p>\n","protected":false},"author":1,"featured_media":0,"parent":0,"menu_order":0,"comment_status":"closed","ping_status":"closed","template":"","meta":{"footnotes":""},"class_list":["post-1227","page","type-page","status-publish","hentry","description-off"],"_links":{"self":[{"href":"https:\/\/bisabankovic.com\/en\/wp-json\/wp\/v2\/pages\/1227","targetHints":{"allow":["GET"]}}],"collection":[{"href":"https:\/\/bisabankovic.com\/en\/wp-json\/wp\/v2\/pages"}],"about":[{"href":"https:\/\/bisabankovic.com\/en\/wp-json\/wp\/v2\/types\/page"}],"author":[{"embeddable":true,"href":"https:\/\/bisabankovic.com\/en\/wp-json\/wp\/v2\/users\/1"}],"replies":[{"embeddable":true,"href":"https:\/\/bisabankovic.com\/en\/wp-json\/wp\/v2\/comments?post=1227"}],"version-history":[{"count":9,"href":"https:\/\/bisabankovic.com\/en\/wp-json\/wp\/v2\/pages\/1227\/revisions"}],"predecessor-version":[{"id":1805,"href":"https:\/\/bisabankovic.com\/en\/wp-json\/wp\/v2\/pages\/1227\/revisions\/1805"}],"wp:attachment":[{"href":"https:\/\/bisabankovic.com\/en\/wp-json\/wp\/v2\/media?parent=1227"}],"curies":[{"name":"wp","href":"https:\/\/api.w.org\/{rel}","templated":true}]}}