{"id":1211,"date":"2020-10-06T10:28:19","date_gmt":"2020-10-06T10:28:19","guid":{"rendered":"http:\/\/bisabankovic.com\/?page_id=1211"},"modified":"2020-10-06T10:28:52","modified_gmt":"2020-10-06T10:28:52","slug":"appliances","status":"publish","type":"page","link":"https:\/\/bisabankovic.com\/en\/appliances\/","title":{"rendered":"Appliances"},"content":{"rendered":"<p>[vc_row][vc_column][vc_column_text]<\/p>\n<h2>Appliances<\/h2>\n<p>[\/vc_column_text][\/vc_column][\/vc_row][vc_row][vc_column width=&#8221;1\/2&#8243;][vc_row_inner][vc_column_inner width=&#8221;3\/4&#8243;][vc_column_text]<strong>CEREC Omnicam<\/strong> &#8211; The most modern technology for scanning and making metal-free crowns in one session.[\/vc_column_text][\/vc_column_inner][vc_column_inner width=&#8221;1\/4&#8243;][vc_column_text]<img loading=\"lazy\" decoding=\"async\" class=\"alignnone wp-image-896 size-full\" src=\"http:\/\/bisabankovic.com\/wp-content\/uploads\/2019\/10\/CEREC-Omnicam.jpg\" alt=\"CEREC Omnicam\" width=\"180\" height=\"180\" srcset=\"https:\/\/bisabankovic.com\/wp-content\/uploads\/2019\/10\/CEREC-Omnicam.jpg 180w, https:\/\/bisabankovic.com\/wp-content\/uploads\/2019\/10\/CEREC-Omnicam-150x150.jpg 150w\" sizes=\"auto, (max-width: 180px) 100vw, 180px\" \/>[\/vc_column_text][\/vc_column_inner][\/vc_row_inner][\/vc_column][vc_column width=&#8221;1\/2&#8243;][vc_row_inner][vc_column_inner width=&#8221;3\/4&#8243;][vc_column_text]The use of a <strong>digital X-ray machine<\/strong> has reduced the radiation dose to the maximum, and it is possible to display an almost instantaneous X-ray of a digital image that can be saved, viewed or sent via the Internet.[\/vc_column_text][\/vc_column_inner][vc_column_inner width=&#8221;1\/4&#8243;][vc_column_text]<img loading=\"lazy\" decoding=\"async\" class=\"alignnone size-full wp-image-514\" src=\"http:\/\/bisabankovic.com\/wp-content\/uploads\/2014\/01\/stomatologija22.jpg\" alt=\"stomatologija2\" width=\"180\" height=\"180\" srcset=\"https:\/\/bisabankovic.com\/wp-content\/uploads\/2014\/01\/stomatologija22.jpg 180w, https:\/\/bisabankovic.com\/wp-content\/uploads\/2014\/01\/stomatologija22-150x150.jpg 150w\" sizes=\"auto, (max-width: 180px) 100vw, 180px\" \/>[\/vc_column_text][\/vc_column_inner][\/vc_row_inner][\/vc_column][\/vc_row][vc_row][vc_column width=&#8221;1\/2&#8243;][vc_row_inner][vc_column_inner width=&#8221;3\/4&#8243;][vc_column_text]Teeth whitening with a <strong>ZOOM lamp<\/strong> from an American manufacturer enables excellent results in a relatively short time.[\/vc_column_text][\/vc_column_inner][vc_column_inner width=&#8221;1\/4&#8243;][vc_column_text]<img loading=\"lazy\" decoding=\"async\" class=\"alignnone size-full wp-image-517\" src=\"http:\/\/bisabankovic.com\/wp-content\/uploads\/2014\/01\/stomatologija12.jpg\" alt=\"stomatologija1\" width=\"180\" height=\"135\" \/>[\/vc_column_text][\/vc_column_inner][\/vc_row_inner][\/vc_column][vc_column width=&#8221;1\/2&#8243;][vc_row_inner][vc_column_inner width=&#8221;3\/4&#8243;][vc_column_text]<strong>RAY-PEX 5<\/strong> &#8211; Using this instrument in the treatment of tooth roots makes the treatment healthier and painless.[\/vc_column_text][\/vc_column_inner][vc_column_inner width=&#8221;1\/4&#8243;][vc_column_text]<img loading=\"lazy\" decoding=\"async\" class=\"alignnone size-full wp-image-518\" src=\"http:\/\/bisabankovic.com\/wp-content\/uploads\/2014\/01\/stomatologija32.jpg\" alt=\"stomatologija3\" width=\"180\" height=\"132\" \/>[\/vc_column_text][\/vc_column_inner][\/vc_row_inner][\/vc_column][\/vc_row][vc_row][vc_column width=&#8221;1\/2&#8243;][vc_row_inner][vc_column_inner width=&#8221;3\/4&#8243;][vc_column_text]<strong>MELAG VACUKLAV<\/strong> &#8211; an apparatus that ensures reliable sterilization of all instruments.[\/vc_column_text][\/vc_column_inner][vc_column_inner width=&#8221;1\/4&#8243;][vc_column_text]<img loading=\"lazy\" decoding=\"async\" class=\"alignnone size-full wp-image-519\" src=\"http:\/\/bisabankovic.com\/wp-content\/uploads\/2014\/01\/melag-vacuklav2.jpg\" alt=\"melag-vacuklav\" width=\"180\" height=\"185\" \/>[\/vc_column_text][\/vc_column_inner][\/vc_row_inner][\/vc_column][vc_column width=&#8221;1\/2&#8243;][vc_row_inner][vc_column_inner width=&#8221;3\/4&#8243;][vc_column_text]Dental practice Dr Biserka \u0160aranovi\u0107-Bankovi\u0107 has a <strong>diode Wiser Laser<\/strong> from the Italian manufacturer &#8220;Doctor Smile&#8221;. The laser is used as a therapeutic or adjuvant therapeutic agent.[\/vc_column_text][\/vc_column_inner][vc_column_inner width=&#8221;1\/4&#8243;][vc_column_text]<img loading=\"lazy\" decoding=\"async\" class=\"alignnone size-full wp-image-520\" src=\"http:\/\/bisabankovic.com\/wp-content\/uploads\/2014\/01\/laser2.jpg\" alt=\"laser\" width=\"220\" height=\"229\" \/>[\/vc_column_text][\/vc_column_inner][\/vc_row_inner][\/vc_column][\/vc_row]<\/p>\n","protected":false},"excerpt":{"rendered":"<p>[vc_row][vc_column][vc_column_text] Appliances [\/vc_column_text][\/vc_column][\/vc_row][vc_row][vc_column width=&#8221;1\/2&#8243;][vc_row_inner][vc_column_inner width=&#8221;3\/4&#8243;][vc_column_text]CEREC Omnicam &#8211; The most modern technology for scanning and making metal-free crowns in one session.[\/vc_column_text][\/vc_column_inner][vc_column_inner width=&#8221;1\/4&#8243;][vc_column_text][\/vc_column_text][\/vc_column_inner][\/vc_row_inner][\/vc_column][vc_column width=&#8221;1\/2&#8243;][vc_row_inner][vc_column_inner width=&#8221;3\/4&#8243;][vc_column_text]The use of a digital X-ray machine has reduced the radiation dose to the maximum, and it is possible to display an almost instantaneous X-ray of a digital image that can be saved,&hellip;<\/p>\n","protected":false},"author":1,"featured_media":0,"parent":0,"menu_order":0,"comment_status":"closed","ping_status":"closed","template":"","meta":{"footnotes":""},"class_list":["post-1211","page","type-page","status-publish","hentry","description-off"],"_links":{"self":[{"href":"https:\/\/bisabankovic.com\/en\/wp-json\/wp\/v2\/pages\/1211","targetHints":{"allow":["GET"]}}],"collection":[{"href":"https:\/\/bisabankovic.com\/en\/wp-json\/wp\/v2\/pages"}],"about":[{"href":"https:\/\/bisabankovic.com\/en\/wp-json\/wp\/v2\/types\/page"}],"author":[{"embeddable":true,"href":"https:\/\/bisabankovic.com\/en\/wp-json\/wp\/v2\/users\/1"}],"replies":[{"embeddable":true,"href":"https:\/\/bisabankovic.com\/en\/wp-json\/wp\/v2\/comments?post=1211"}],"version-history":[{"count":2,"href":"https:\/\/bisabankovic.com\/en\/wp-json\/wp\/v2\/pages\/1211\/revisions"}],"predecessor-version":[{"id":1214,"href":"https:\/\/bisabankovic.com\/en\/wp-json\/wp\/v2\/pages\/1211\/revisions\/1214"}],"wp:attachment":[{"href":"https:\/\/bisabankovic.com\/en\/wp-json\/wp\/v2\/media?parent=1211"}],"curies":[{"name":"wp","href":"https:\/\/api.w.org\/{rel}","templated":true}]}}